{"id":2,"date":"2011-08-02T21:16:54","date_gmt":"2011-08-02T21:16:54","guid":{"rendered":"http:\/\/wp1117115.wp039.webpack.hosteurope.de\/?page_id=2"},"modified":"2024-01-06T12:31:18","modified_gmt":"2024-01-06T12:31:18","slug":"sample-page","status":"publish","type":"page","link":"https:\/\/malerei-jakupovic.de\/","title":{"rendered":"Start"},"content":{"rendered":"<p style=\"text-align: center;\"><a href=\"http:\/\/malerei-jakupovic.de\/wp-content\/uploads\/2011\/08\/Orient.jpg\">&nbsp;<img loading=\"lazy\" decoding=\"async\" class=\"wp-image-129 aligncenter\" title=\"Orient\" src=\"http:\/\/malerei-jakupovic.de\/wp-content\/uploads\/2011\/08\/Orient-1024x815.jpg\" alt=\"Orient\" width=\"622\" height=\"388\"><\/a><\/p>\n<h1 style=\"text-align: center;\"><span style=\"font-size: x-large;\"><strong><em>Ljuba Jakupovi\u010d<\/em><\/strong><\/span><\/h1>\n<div id=\"attachment_26\" style=\"width: 193px\" class=\"wp-caption aligncenter\"><img loading=\"lazy\" decoding=\"async\" aria-describedby=\"caption-attachment-26\" class=\"size-full wp-image-26\" title=\"Ljuba Jakupovic\" src=\"http:\/\/malerei-jakupovic.de\/wp-content\/uploads\/2011\/08\/Ljuba-mit-Kater.jpg\" alt=\"Ljuba Jakupovic\" width=\"183\" height=\"181\"><p id=\"caption-attachment-26\" class=\"wp-caption-text\">Ljuba Jakupovic<\/p><\/div>\n<p style=\"text-align: justify;\"><em>Der Maler Ljuba Jakupovic ist 1950 in damaligen Jugoslawien geboren. Er genoss eine klassische Ausbildung beim russischen akademischen Maler Prof. Prutkov.<br \/>\n<\/em><em>Seine Arbeiten wurden in ex Jugoslawien h\u00e4ufig ausgestellt.<br \/>\n<\/em><em>Ein zweites k\u00fcnstlerisches Standbein hatte Ljuba n der Musik und diese f\u00fchrte ihn unter anderem nach Skandinavien wo er auch malte und \u00fcber die Galerien in Falun und Umea ausstellte.<br \/>\n<\/em><em>Nach seinen Musikstudium an der Hochschule f\u00fcr Musik und darstellende Kunst in Graz&nbsp; wurde Ljuba 1994 Jazztrompeter. Parallel dazu hat er seine k\u00fcnstlerische Laufbahn als Maler nicht vernachl\u00e4ssigt.<br \/>\n<\/em><em>Weitere Ausstellungen folgten in Graz, im Teatro Teresa Carreno in Caracas .<br \/>\n<\/em><em>Seit einiger Zeit lebt Ljuba in Deutschland, malt und macht Musik&nbsp; liebt Sonne, S\u00fcden, das Meer, kr\u00e4ftige Farben und starken Ausdruck.<br \/>\nLjuba ist ein sehr breit orientierter Maler. <\/em><em>Er sagt von sich selbst: Ich f\u00fchle mich als ein Mensch aus dem 19. Jahrhundert, damals ist in der Malerei die klassische Phase zu Ende gegangen und ich versuche bis in die heutige Zeit diesen Stil zu wahren, selbst wenn einige meine Bilder viele moderne Aspekte haben. Das war vor zwei Jahren. Heute haben meine neuen Arbeiten immer&nbsp; mehr&nbsp; expressiven Charakter.<\/em><em><br \/>\nIn den letzten Jahren stellte Ljuba Jakupovic unter anderem 2008 in Bad Nauheim im Altem Rathaus, sowie in der LHB Frankfurt am Main sowie in Bad Homburg aus. 2009 bis 2010 folgten Ausstellungen in Sulzbach \/ Taunus, Bad Camberg, sowie in Espa. <\/em><br \/>\n<em>Seit Oktober 2010 ist Ljuba Jakupovic Mitglied im BBK Frankfurt, hier wurden seine Bilder im April 2011 vorgestellt. Es folgten weitere Ausstellungen im Januar 2012 in der Stadhalle in Kronberg im Taunus&nbsp; sowie im April 2012 &#8222;Arroganz der Macht&#8220; Gemeinschafts-ausstellung des BBK Frankfurt. Einzelausstellung im Sommer 2014 im &#8222;Kontrapunkt&#8220;&nbsp; in Wiesbaden. 2016 &#8222;Kunstschimmer Ulm&#8220;, 2017 Espa und im Mai-Juni 2018 Cent8anta-Galeria d\u00b4arte Isernia\/ Italien. 2019 Siegen St\u00e4dtiche Galerie Haus Seel &#8222;Mensch, wo bist Du &#8211; Gemeinsam gegen Judenfeinschaft&#8220; in der Woche der Br\u00fcderlichkeit.<\/em><\/p>\n<p>&nbsp;<\/p>\n<p style=\"text-align: justify;\"><em>Ljuba Jakupovic was born in 1950 in the former Yugoslavia. He received a classical training from the russian academic artist Professor Prutkov.<\/em><br \/>\n<em> Several exhibitions of his work were held in the former Yugoslavia.<\/em><br \/>\n<em> Ljuba also has a second strand to his artistic talent in the form of music, which took him to Scandinavia, among other places, where he also painted and exhibited in galleries in Falun and Umea.<\/em><br \/>\n<em>After his studies of music at the University of Music and Dramatic Arts in Graz, Ljuba is Ljuba a jazz trumpeter. Beside his music, he also followed his painting career, with<\/em><em> exhibitions in Graz, Teatro Teresa Carreno in Caracas.<\/em><br \/>\n<em> In recent years Ljuba has been living in Germany, painting, making music , loving the sun, the south, the sea, strong colours and a powerful means of expression. <\/em><em>There is a broad spectrum to Ljuba\u2019s artistic talent. <\/em><em>Of himself he says: \u201cI feel like a person from the 19th century, a time when the classical phase in painting had come to an end. I am trying to protect this style in the present day, even if some of my paintings contain many modern aspects.\u201d This was two years ago. Today you can see in my \u201eNeue Arbeiten\u201c still a more expressive Style.<br \/>\n<\/em><em>In the last years Ljuba Jakupovic had some exhibitions including 2008 in Bad Nauheim, in the LHB Frankfurt and Bad Homburg, followed by exhibitions in Sulzbach, Bad Camberg and Espa in 2009\/2010.<\/em><br \/>\n<em>Since October 2010 Ljuba Jakupovic is member in the BBK Frankfurt and introduced himself with a exhibition in April 2011. The next exhibition was in january 2012 in the &#8222;Stadthalle Kronberg&#8220;, followed by a group exhibition with the BBK Frankfurt in April 2012 called &#8222;Arroganz der Macht&#8220;.&nbsp; &#8222;Kontrapunkt&#8220; in Wiesbaden summer 2014. &#8222;Kunstschimmer Ulm&#8220; 2016, Espa 2017. Last exibition Mai 2018 Cent8anta-Galeria d\u00b4arte Isernia\/Italy.&nbsp; Mart 2019 Siegen House Seel-city gallery&nbsp; &#8222;Man where are you -toghether&nbsp; towards avers to jewes&#8220;&nbsp; in week of fraternity.<\/em><\/p>\n\n<div class=\"ngg-galleryoverview ngg-template-caption\" id=\"ngg-gallery-b8c35ca6bba18ed3e1fdead8f1c5e334-2\">\n\n\t\t\n\t<!-- Thumbnails -->\n\t\t\t\t\t\n\t<div id=\"ngg-image-65\" class=\"ngg-gallery-thumbnail-box\"  >\n\t\t<div class=\"ngg-gallery-thumbnail\" >\n\t\t\t<a href=\"https:\/\/malerei-jakupovic.de\/wp-content\/gallery\/frontseite\/die-flucht-kopie.jpg\"\n\t\t\t\ttitle=\"Die Flucht\r\n\"\n\t\t\t\tclass=\"ngg-simplelightbox\" rel=\"b8c35ca6bba18ed3e1fdead8f1c5e334\" data-image-id=\"65\" data-src=\"https:\/\/malerei-jakupovic.de\/wp-content\/gallery\/frontseite\/die-flucht-kopie.jpg\" data-thumbnail=\"https:\/\/malerei-jakupovic.de\/wp-content\/gallery\/frontseite\/thumbs\/thumbs_die-flucht-kopie.jpg\" data-title=\"Die Flucht\" data-description=\"Die Flucht\r\n\" >\n\t\t\t\t\t\t\t\t<img title=\"Die Flucht\" alt=\"Die Flucht\" src=\"https:\/\/malerei-jakupovic.de\/wp-content\/gallery\/frontseite\/thumbs\/thumbs_die-flucht-kopie.jpg\" width='160' height='141' \/>\n\t\t\t\t\t\t\t<\/a>\n\t\t\t<span>\n\t\t\tDie Flucht\r\n\t\t\t<\/span>\n\t\t<\/div>\n\t<\/div>\n\t\t\t\t\t\t\t\t\n\t<div id=\"ngg-image-122\" class=\"ngg-gallery-thumbnail-box\"  >\n\t\t<div class=\"ngg-gallery-thumbnail\" >\n\t\t\t<a href=\"https:\/\/malerei-jakupovic.de\/wp-content\/gallery\/frontseite\/frauengeheimnisse.jpg\"\n\t\t\t\ttitle=\"Frauengeheimnisse\r\n\"\n\t\t\t\tclass=\"ngg-simplelightbox\" rel=\"b8c35ca6bba18ed3e1fdead8f1c5e334\" data-image-id=\"122\" data-src=\"https:\/\/malerei-jakupovic.de\/wp-content\/gallery\/frontseite\/frauengeheimnisse.jpg\" data-thumbnail=\"https:\/\/malerei-jakupovic.de\/wp-content\/gallery\/frontseite\/thumbs\/thumbs_frauengeheimnisse.jpg\" data-title=\"frauengeheimnisse\" data-description=\"Frauengeheimnisse\r\n\" >\n\t\t\t\t\t\t\t\t<img title=\"frauengeheimnisse\" alt=\"frauengeheimnisse\" src=\"https:\/\/malerei-jakupovic.de\/wp-content\/gallery\/frontseite\/thumbs\/thumbs_frauengeheimnisse.jpg\" width='160' height='128' \/>\n\t\t\t\t\t\t\t<\/a>\n\t\t\t<span>\n\t\t\tFrauengeheimnisse\r\n\t\t\t<\/span>\n\t\t<\/div>\n\t<\/div>\n\t\t\t\t\t\t\t\t\n\t<div id=\"ngg-image-56\" class=\"ngg-gallery-thumbnail-box\"  >\n\t\t<div class=\"ngg-gallery-thumbnail\" >\n\t\t\t<a href=\"https:\/\/malerei-jakupovic.de\/wp-content\/gallery\/frontseite\/trauer.jpg\"\n\t\t\t\ttitle=\"Trauer\r\n\"\n\t\t\t\tclass=\"ngg-simplelightbox\" rel=\"b8c35ca6bba18ed3e1fdead8f1c5e334\" data-image-id=\"56\" data-src=\"https:\/\/malerei-jakupovic.de\/wp-content\/gallery\/frontseite\/trauer.jpg\" data-thumbnail=\"https:\/\/malerei-jakupovic.de\/wp-content\/gallery\/frontseite\/thumbs\/thumbs_trauer.jpg\" data-title=\"Trauer\" data-description=\"Trauer\r\n\" >\n\t\t\t\t\t\t\t\t<img title=\"Trauer\" alt=\"Trauer\" src=\"https:\/\/malerei-jakupovic.de\/wp-content\/gallery\/frontseite\/thumbs\/thumbs_trauer.jpg\" width='128' height='160' \/>\n\t\t\t\t\t\t\t<\/a>\n\t\t\t<span>\n\t\t\tTrauer\r\n\t\t\t<\/span>\n\t\t<\/div>\n\t<\/div>\n\t\t\t\t\t\t\t\t\n\t<!-- Pagination -->\n\t\t<div class='ngg-clear'><\/div>\t\n<\/div>\n\n\t\n<p>&nbsp;<\/p>\n<p style=\"text-align: center;\"><span style=\"font-size: x-large;\"><a title=\"Bildergalerie\" href=\"http:\/\/malerei-jakupovic.de\/?page_id=52\">Bildergalerie<\/a> <a title=\"Neue Arbeiten\" href=\"http:\/\/malerei-jakupovic.de\/?page_id=65\">Neue Arbeiten<\/a><\/span><\/p>\n","protected":false},"excerpt":{"rendered":"<p>&nbsp; Ljuba Jakupovi\u010d Der Maler Ljuba Jakupovic ist 1950 in damaligen Jugoslawien geboren. Er genoss eine klassische Ausbildung beim russischen akademischen Maler Prof. Prutkov. Seine Arbeiten wurden in ex Jugoslawien h\u00e4ufig ausgestellt. Ein zweites k\u00fcnstlerisches Standbein hatte Ljuba n der &hellip; <a href=\"https:\/\/malerei-jakupovic.de\/\">Weiterlesen <span class=\"meta-nav\">&rarr;<\/span><\/a><\/p>\n","protected":false},"author":1,"featured_media":0,"parent":0,"menu_order":0,"comment_status":"closed","ping_status":"closed","template":"","meta":{"ngg_post_thumbnail":0,"footnotes":""},"_links":{"self":[{"href":"https:\/\/malerei-jakupovic.de\/index.php?rest_route=\/wp\/v2\/pages\/2"}],"collection":[{"href":"https:\/\/malerei-jakupovic.de\/index.php?rest_route=\/wp\/v2\/pages"}],"about":[{"href":"https:\/\/malerei-jakupovic.de\/index.php?rest_route=\/wp\/v2\/types\/page"}],"author":[{"embeddable":true,"href":"https:\/\/malerei-jakupovic.de\/index.php?rest_route=\/wp\/v2\/users\/1"}],"replies":[{"embeddable":true,"href":"https:\/\/malerei-jakupovic.de\/index.php?rest_route=%2Fwp%2Fv2%2Fcomments&post=2"}],"version-history":[{"count":65,"href":"https:\/\/malerei-jakupovic.de\/index.php?rest_route=\/wp\/v2\/pages\/2\/revisions"}],"predecessor-version":[{"id":323,"href":"https:\/\/malerei-jakupovic.de\/index.php?rest_route=\/wp\/v2\/pages\/2\/revisions\/323"}],"wp:attachment":[{"href":"https:\/\/malerei-jakupovic.de\/index.php?rest_route=%2Fwp%2Fv2%2Fmedia&parent=2"}],"curies":[{"name":"wp","href":"https:\/\/api.w.org\/{rel}","templated":true}]}}